{"id":8088,"date":"2025-08-12T16:13:14","date_gmt":"2025-08-12T15:13:14","guid":{"rendered":"https:\/\/tennistarragona.com\/tenis\/competicion-club\/"},"modified":"2025-09-03T14:16:09","modified_gmt":"2025-09-03T13:16:09","slug":"competicion-club","status":"publish","type":"page","link":"https:\/\/tennistarragona.com\/es\/tenis\/competicion-club\/","title":{"rendered":"Competici\u00f3n club"},"content":{"rendered":"\t\t<div data-elementor-type=\"wp-page\" data-elementor-id=\"8088\" class=\"elementor elementor-8088 elementor-8025\" data-elementor-post-type=\"page\">\n\t\t\t\t<div class=\"elementor-element elementor-element-9c5007c e-con-full e-flex e-con e-parent\" data-id=\"9c5007c\" data-element_type=\"container\" data-e-type=\"container\">\n\t\t\t\t<div class=\"elementor-element elementor-element-3909408 elementor-widget elementor-widget-heading\" data-id=\"3909408\" data-element_type=\"widget\" data-e-type=\"widget\" data-widget_type=\"heading.default\">\n\t\t\t\t<div class=\"elementor-widget-container\">\n\t\t\t\t\t<span class=\"elementor-heading-title elementor-size-default\">Competici\u00f3n<\/span>\t\t\t\t<\/div>\n\t\t\t\t<\/div>\n\t\t<div class=\"elementor-element elementor-element-ce5038d e-con-full e-flex e-con e-child\" data-id=\"ce5038d\" data-element_type=\"container\" data-e-type=\"container\">\n\t\t\t\t<div class=\"elementor-element elementor-element-70e37f0 elementor-widget elementor-widget-heading\" data-id=\"70e37f0\" data-element_type=\"widget\" data-e-type=\"widget\" data-widget_type=\"heading.default\">\n\t\t\t\t<div class=\"elementor-widget-container\">\n\t\t\t\t\t<h1 class=\"elementor-heading-title elementor-size-default\"><span class=\"bronce\">Competici\u00f3n<\/span> club<\/h1>\t\t\t\t<\/div>\n\t\t\t\t<\/div>\n\t\t\t\t<div class=\"elementor-element elementor-element-cb27fc6 elementor-align-center animated-slow elementor-invisible elementor-widget elementor-widget-button\" data-id=\"cb27fc6\" data-element_type=\"widget\" data-e-type=\"widget\" data-settings=\"{&quot;_animation&quot;:&quot;fadeInUp&quot;}\" data-widget_type=\"button.default\">\n\t\t\t\t<div class=\"elementor-widget-container\">\n\t\t\t\t\t\t\t\t\t<div class=\"elementor-button-wrapper\">\n\t\t\t\t\t<a class=\"elementor-button elementor-button-link elementor-size-sm\" href=\"https:\/\/tennistarragona.miclubonline.net\/\" target=\"_blank\" rel=\"noopener\">\n\t\t\t\t\t\t<span class=\"elementor-button-content-wrapper\">\n\t\t\t\t\t\t\t\t\t<span class=\"elementor-button-text\">Quiero inscribirme<\/span>\n\t\t\t\t\t<\/span>\n\t\t\t\t\t<\/a>\n\t\t\t\t<\/div>\n\t\t\t\t\t\t\t\t<\/div>\n\t\t\t\t<\/div>\n\t\t\t\t<\/div>\n\t\t<div class=\"elementor-element elementor-element-601081b e-con-full e-flex e-con e-child\" data-id=\"601081b\" data-element_type=\"container\" data-e-type=\"container\">\n\t\t<div class=\"elementor-element elementor-element-ea4df7f e-con-full e-flex e-con e-child\" data-id=\"ea4df7f\" data-element_type=\"container\" data-e-type=\"container\">\n\t\t<div class=\"elementor-element elementor-element-debc82a e-con-full e-flex e-con e-child\" data-id=\"debc82a\" data-element_type=\"container\" data-e-type=\"container\">\n\t\t\t\t<div class=\"elementor-element elementor-element-8ae68b7 elementor-widget elementor-widget-heading\" data-id=\"8ae68b7\" data-element_type=\"widget\" data-e-type=\"widget\" data-widget_type=\"heading.default\">\n\t\t\t\t<div class=\"elementor-widget-container\">\n\t\t\t\t\t<span class=\"elementor-heading-title elementor-size-default\">Grupos<\/span>\t\t\t\t<\/div>\n\t\t\t\t<\/div>\n\t\t\t\t<div class=\"elementor-element elementor-element-8b1b51b elementor-widget-divider--view-line elementor-widget elementor-widget-divider\" data-id=\"8b1b51b\" data-element_type=\"widget\" data-e-type=\"widget\" data-widget_type=\"divider.default\">\n\t\t\t\t<div class=\"elementor-widget-container\">\n\t\t\t\t\t\t\t<div class=\"elementor-divider\">\n\t\t\t<span class=\"elementor-divider-separator\">\n\t\t\t\t\t\t<\/span>\n\t\t<\/div>\n\t\t\t\t\t\t<\/div>\n\t\t\t\t<\/div>\n\t\t\t\t<\/div>\n\t\t<div class=\"elementor-element elementor-element-c02f618 e-con-full e-flex e-con e-child\" data-id=\"c02f618\" data-element_type=\"container\" data-e-type=\"container\">\n\t\t\t\t<div class=\"elementor-element elementor-element-80bfd59 elementor-widget elementor-widget-text-editor\" data-id=\"80bfd59\" data-element_type=\"widget\" data-e-type=\"widget\" data-widget_type=\"text-editor.default\">\n\t\t\t\t<div class=\"elementor-widget-container\">\n\t\t\t\t\t\t\t\t\t<p><strong>9 a 18 a\u00f1os<\/strong><\/p>\t\t\t\t\t\t\t\t<\/div>\n\t\t\t\t<\/div>\n\t\t\t\t<\/div>\n\t\t\t\t<\/div>\n\t\t<div class=\"elementor-element elementor-element-73e48a6 e-con-full e-flex e-con e-child\" data-id=\"73e48a6\" data-element_type=\"container\" data-e-type=\"container\">\n\t\t<div class=\"elementor-element elementor-element-6acfb93 e-con-full e-flex e-con e-child\" data-id=\"6acfb93\" data-element_type=\"container\" data-e-type=\"container\">\n\t\t\t\t<div class=\"elementor-element elementor-element-8e0eff2 elementor-widget elementor-widget-heading\" data-id=\"8e0eff2\" data-element_type=\"widget\" data-e-type=\"widget\" data-widget_type=\"heading.default\">\n\t\t\t\t<div class=\"elementor-widget-container\">\n\t\t\t\t\t<span class=\"elementor-heading-title elementor-size-default\">Horario<\/span>\t\t\t\t<\/div>\n\t\t\t\t<\/div>\n\t\t\t\t<div class=\"elementor-element elementor-element-35f0e3a elementor-widget-divider--view-line elementor-widget elementor-widget-divider\" data-id=\"35f0e3a\" data-element_type=\"widget\" data-e-type=\"widget\" data-widget_type=\"divider.default\">\n\t\t\t\t<div class=\"elementor-widget-container\">\n\t\t\t\t\t\t\t<div class=\"elementor-divider\">\n\t\t\t<span class=\"elementor-divider-separator\">\n\t\t\t\t\t\t<\/span>\n\t\t<\/div>\n\t\t\t\t\t\t<\/div>\n\t\t\t\t<\/div>\n\t\t\t\t<\/div>\n\t\t<div class=\"elementor-element elementor-element-7428159 e-con-full e-flex e-con e-child\" data-id=\"7428159\" data-element_type=\"container\" data-e-type=\"container\">\n\t\t\t\t<div class=\"elementor-element elementor-element-6559e44 elementor-widget elementor-widget-text-editor\" data-id=\"6559e44\" data-element_type=\"widget\" data-e-type=\"widget\" data-widget_type=\"text-editor.default\">\n\t\t\t\t<div class=\"elementor-widget-container\">\n\t\t\t\t\t\t\t\t\t<div class=\"page\" title=\"Page 1\"><div class=\"layoutArea\"><div class=\"column\"><p>Sesiones de <strong>120 min.<\/strong> de tenis.<br> <strong>60 min.<\/strong> de preparaci\u00f3n f\u00edsica.<br> M\u00ednimo de <strong>2 d\u00edas<\/strong> por semana.<\/p><\/div><\/div><\/div>\t\t\t\t\t\t\t\t<\/div>\n\t\t\t\t<\/div>\n\t\t\t\t<\/div>\n\t\t\t\t<\/div>\n\t\t<div class=\"elementor-element elementor-element-3cd83e5 e-con-full e-flex e-con e-child\" data-id=\"3cd83e5\" data-element_type=\"container\" data-e-type=\"container\">\n\t\t<div class=\"elementor-element elementor-element-b59633d e-con-full e-flex e-con e-child\" data-id=\"b59633d\" data-element_type=\"container\" data-e-type=\"container\">\n\t\t\t\t<div class=\"elementor-element elementor-element-0301cf1 elementor-widget elementor-widget-heading\" data-id=\"0301cf1\" data-element_type=\"widget\" data-e-type=\"widget\" data-widget_type=\"heading.default\">\n\t\t\t\t<div class=\"elementor-widget-container\">\n\t\t\t\t\t<span class=\"elementor-heading-title elementor-size-default\">Matr\u00edcula<\/span>\t\t\t\t<\/div>\n\t\t\t\t<\/div>\n\t\t\t\t<div class=\"elementor-element elementor-element-fc61bc9 elementor-widget-divider--view-line elementor-widget elementor-widget-divider\" data-id=\"fc61bc9\" data-element_type=\"widget\" data-e-type=\"widget\" data-widget_type=\"divider.default\">\n\t\t\t\t<div class=\"elementor-widget-container\">\n\t\t\t\t\t\t\t<div class=\"elementor-divider\">\n\t\t\t<span class=\"elementor-divider-separator\">\n\t\t\t\t\t\t<\/span>\n\t\t<\/div>\n\t\t\t\t\t\t<\/div>\n\t\t\t\t<\/div>\n\t\t\t\t<\/div>\n\t\t<div class=\"elementor-element elementor-element-7b54a50 e-con-full e-flex e-con e-child\" data-id=\"7b54a50\" data-element_type=\"container\" data-e-type=\"container\">\n\t\t\t\t<div class=\"elementor-element elementor-element-eec0fad elementor-widget elementor-widget-text-editor\" data-id=\"eec0fad\" data-element_type=\"widget\" data-e-type=\"widget\" data-widget_type=\"text-editor.default\">\n\t\t\t\t<div class=\"elementor-widget-container\">\n\t\t\t\t\t\t\t\t\t<p><strong>25,00 \u20ac<\/strong><\/p>\t\t\t\t\t\t\t\t<\/div>\n\t\t\t\t<\/div>\n\t\t\t\t<\/div>\n\t\t\t\t<\/div>\n\t\t<div class=\"elementor-element elementor-element-3289fae e-con-full e-flex e-con e-child\" data-id=\"3289fae\" data-element_type=\"container\" data-e-type=\"container\">\n\t\t<div class=\"elementor-element elementor-element-2e1d1cf e-con-full e-flex e-con e-child\" data-id=\"2e1d1cf\" data-element_type=\"container\" data-e-type=\"container\">\n\t\t\t\t<div class=\"elementor-element elementor-element-dda1a38 elementor-widget elementor-widget-heading\" data-id=\"dda1a38\" data-element_type=\"widget\" data-e-type=\"widget\" data-widget_type=\"heading.default\">\n\t\t\t\t<div class=\"elementor-widget-container\">\n\t\t\t\t\t<span class=\"elementor-heading-title elementor-size-default\">2 d\u00edas semanales<\/span>\t\t\t\t<\/div>\n\t\t\t\t<\/div>\n\t\t\t\t<div class=\"elementor-element elementor-element-a27eb53 elementor-widget-divider--view-line elementor-widget elementor-widget-divider\" data-id=\"a27eb53\" data-element_type=\"widget\" data-e-type=\"widget\" data-widget_type=\"divider.default\">\n\t\t\t\t<div class=\"elementor-widget-container\">\n\t\t\t\t\t\t\t<div class=\"elementor-divider\">\n\t\t\t<span class=\"elementor-divider-separator\">\n\t\t\t\t\t\t<\/span>\n\t\t<\/div>\n\t\t\t\t\t\t<\/div>\n\t\t\t\t<\/div>\n\t\t\t\t<\/div>\n\t\t<div class=\"elementor-element elementor-element-f10bcd6 e-con-full e-flex e-con e-child\" data-id=\"f10bcd6\" data-element_type=\"container\" data-e-type=\"container\">\n\t\t\t\t<div class=\"elementor-element elementor-element-1670ce8 elementor-widget elementor-widget-text-editor\" data-id=\"1670ce8\" data-element_type=\"widget\" data-e-type=\"widget\" data-widget_type=\"text-editor.default\">\n\t\t\t\t<div class=\"elementor-widget-container\">\n\t\t\t\t\t\t\t\t\t<p><strong class=\"bronce\">Socios<br><\/strong><\/p><p>158,90 \u20ac<\/p><p>10 pagos<\/p>\t\t\t\t\t\t\t\t<\/div>\n\t\t\t\t<\/div>\n\t\t\t\t<div class=\"elementor-element elementor-element-a32dec8 elementor-widget-divider--view-line elementor-widget elementor-widget-divider\" data-id=\"a32dec8\" data-element_type=\"widget\" data-e-type=\"widget\" data-widget_type=\"divider.default\">\n\t\t\t\t<div class=\"elementor-widget-container\">\n\t\t\t\t\t\t\t<div class=\"elementor-divider\">\n\t\t\t<span class=\"elementor-divider-separator\">\n\t\t\t\t\t\t<\/span>\n\t\t<\/div>\n\t\t\t\t\t\t<\/div>\n\t\t\t\t<\/div>\n\t\t\t\t<div class=\"elementor-element elementor-element-67d067a elementor-widget elementor-widget-text-editor\" data-id=\"67d067a\" data-element_type=\"widget\" data-e-type=\"widget\" data-widget_type=\"text-editor.default\">\n\t\t\t\t<div class=\"elementor-widget-container\">\n\t\t\t\t\t\t\t\t\t<p><strong>Total curso<\/strong><br> 1.614 \u20ac<\/p>\t\t\t\t\t\t\t\t<\/div>\n\t\t\t\t<\/div>\n\t\t\t\t<\/div>\n\t\t\t\t<\/div>\n\t\t<div class=\"elementor-element elementor-element-b57734e e-con-full e-flex e-con e-child\" data-id=\"b57734e\" data-element_type=\"container\" data-e-type=\"container\">\n\t\t<div class=\"elementor-element elementor-element-dd2fd01 e-con-full e-flex e-con e-child\" data-id=\"dd2fd01\" data-element_type=\"container\" data-e-type=\"container\">\n\t\t\t\t<div class=\"elementor-element elementor-element-39f964a elementor-widget elementor-widget-heading\" data-id=\"39f964a\" data-element_type=\"widget\" data-e-type=\"widget\" data-widget_type=\"heading.default\">\n\t\t\t\t<div class=\"elementor-widget-container\">\n\t\t\t\t\t<span class=\"elementor-heading-title elementor-size-default\">3 d\u00edas semanales<\/span>\t\t\t\t<\/div>\n\t\t\t\t<\/div>\n\t\t\t\t<div class=\"elementor-element elementor-element-319d0fa elementor-widget-divider--view-line elementor-widget elementor-widget-divider\" data-id=\"319d0fa\" data-element_type=\"widget\" data-e-type=\"widget\" data-widget_type=\"divider.default\">\n\t\t\t\t<div class=\"elementor-widget-container\">\n\t\t\t\t\t\t\t<div class=\"elementor-divider\">\n\t\t\t<span class=\"elementor-divider-separator\">\n\t\t\t\t\t\t<\/span>\n\t\t<\/div>\n\t\t\t\t\t\t<\/div>\n\t\t\t\t<\/div>\n\t\t\t\t<\/div>\n\t\t<div class=\"elementor-element elementor-element-f1b48e3 e-con-full e-flex e-con e-child\" data-id=\"f1b48e3\" data-element_type=\"container\" data-e-type=\"container\">\n\t\t\t\t<div class=\"elementor-element elementor-element-b022b0e elementor-widget elementor-widget-text-editor\" data-id=\"b022b0e\" data-element_type=\"widget\" data-e-type=\"widget\" data-widget_type=\"text-editor.default\">\n\t\t\t\t<div class=\"elementor-widget-container\">\n\t\t\t\t\t\t\t\t\t<p><strong class=\"bronce\">Socios<br><\/strong><\/p><p>166,90 \u20ac<\/p><p>10 pagos<\/p>\t\t\t\t\t\t\t\t<\/div>\n\t\t\t\t<\/div>\n\t\t\t\t<div class=\"elementor-element elementor-element-8597a38 elementor-widget-divider--view-line elementor-widget elementor-widget-divider\" data-id=\"8597a38\" data-element_type=\"widget\" data-e-type=\"widget\" data-widget_type=\"divider.default\">\n\t\t\t\t<div class=\"elementor-widget-container\">\n\t\t\t\t\t\t\t<div class=\"elementor-divider\">\n\t\t\t<span class=\"elementor-divider-separator\">\n\t\t\t\t\t\t<\/span>\n\t\t<\/div>\n\t\t\t\t\t\t<\/div>\n\t\t\t\t<\/div>\n\t\t\t\t<div class=\"elementor-element elementor-element-cb91f5f elementor-widget elementor-widget-text-editor\" data-id=\"cb91f5f\" data-element_type=\"widget\" data-e-type=\"widget\" data-widget_type=\"text-editor.default\">\n\t\t\t\t<div class=\"elementor-widget-container\">\n\t\t\t\t\t\t\t\t\t<p><strong>Total curso<\/strong><br> 1.694 \u20ac<\/p>\t\t\t\t\t\t\t\t<\/div>\n\t\t\t\t<\/div>\n\t\t\t\t<\/div>\n\t\t\t\t<\/div>\n\t\t\t\t<\/div>\n\t\t\t\t<\/div>\n\t\t<div class=\"elementor-element elementor-element-e5af26d e-flex e-con-boxed e-con e-parent\" data-id=\"e5af26d\" data-element_type=\"container\" data-e-type=\"container\">\n\t\t\t\t\t<div class=\"e-con-inner\">\n\t\t<div class=\"elementor-element elementor-element-5836296 e-con-full e-flex e-con e-child\" data-id=\"5836296\" data-element_type=\"container\" data-e-type=\"container\" data-settings=\"{&quot;background_background&quot;:&quot;classic&quot;}\">\n\t\t<div class=\"elementor-element elementor-element-f3a7d29 e-con-full e-flex e-con e-child\" data-id=\"f3a7d29\" data-element_type=\"container\" data-e-type=\"container\">\n\t\t\t\t<div class=\"elementor-element elementor-element-9aaef23 elementor-widget elementor-widget-text-editor\" data-id=\"9aaef23\" data-element_type=\"widget\" data-e-type=\"widget\" data-widget_type=\"text-editor.default\">\n\t\t\t\t<div class=\"elementor-widget-container\">\n\t\t\t\t\t\t\t\t\t<p><span class=\"bronze\">REUNI\u00d3N INFORMATIVA (4 de septiembre):<br><\/span><\/p>\t\t\t\t\t\t\t\t<\/div>\n\t\t\t\t<\/div>\n\t\t\t\t<div class=\"elementor-element elementor-element-5fae76f elementor-widget elementor-widget-text-editor\" data-id=\"5fae76f\" data-element_type=\"widget\" data-e-type=\"widget\" data-widget_type=\"text-editor.default\">\n\t\t\t\t<div class=\"elementor-widget-container\">\n\t\t\t\t\t\t\t\t\t<p>GRUPO COMPETICI\u00d3N (ECOMP-CLUB-PLUS): a las <strong>19:00h<\/strong><\/p>\t\t\t\t\t\t\t\t<\/div>\n\t\t\t\t<\/div>\n\t\t\t\t<div class=\"elementor-element elementor-element-ecd1d72 elementor-widget elementor-widget-spacer\" data-id=\"ecd1d72\" data-element_type=\"widget\" data-e-type=\"widget\" data-widget_type=\"spacer.default\">\n\t\t\t\t<div class=\"elementor-widget-container\">\n\t\t\t\t\t\t\t<div class=\"elementor-spacer\">\n\t\t\t<div class=\"elementor-spacer-inner\"><\/div>\n\t\t<\/div>\n\t\t\t\t\t\t<\/div>\n\t\t\t\t<\/div>\n\t\t\t\t<div class=\"elementor-element elementor-element-d898e2d elementor-widget elementor-widget-text-editor\" data-id=\"d898e2d\" data-element_type=\"widget\" data-e-type=\"widget\" data-widget_type=\"text-editor.default\">\n\t\t\t\t<div class=\"elementor-widget-container\">\n\t\t\t\t\t\t\t\t\t<p><span class=\"bronze\">CALENDARIO ESCOLAR:<br><\/span><\/p>\t\t\t\t\t\t\t\t<\/div>\n\t\t\t\t<\/div>\n\t\t\t\t<div class=\"elementor-element elementor-element-a92dcec elementor-widget elementor-widget-text-editor\" data-id=\"a92dcec\" data-element_type=\"widget\" data-e-type=\"widget\" data-widget_type=\"text-editor.default\">\n\t\t\t\t<div class=\"elementor-widget-container\">\n\t\t\t\t\t\t\t\t\t<p>Del <strong>8 de septiembre al 20 de diciembre<\/strong> (PRIMERO PERIODO) <strong>Del 7 de enero al 28 de marzo<\/strong> (SEGUNDO PER\u00cdODO)<br> Del <strong>7 de abril al 20 de junio<\/strong> (TERCERO PERIODO)<\/p>\t\t\t\t\t\t\t\t<\/div>\n\t\t\t\t<\/div>\n\t\t\t\t<\/div>\n\t\t<div class=\"elementor-element elementor-element-28ddce7 e-con-full e-flex e-con e-child\" data-id=\"28ddce7\" data-element_type=\"container\" data-e-type=\"container\">\n\t\t\t\t<div class=\"elementor-element elementor-element-4e993e2 elementor-widget elementor-widget-text-editor\" data-id=\"4e993e2\" data-element_type=\"widget\" data-e-type=\"widget\" data-widget_type=\"text-editor.default\">\n\t\t\t\t<div class=\"elementor-widget-container\">\n\t\t\t\t\t\t\t\t\t<p class=\"p1\">HORARIOS ESPECIALES MA\u00d1ANA:<\/p>\t\t\t\t\t\t\t\t<\/div>\n\t\t\t\t<\/div>\n\t\t\t\t<div class=\"elementor-element elementor-element-e13545b elementor-widget elementor-widget-text-editor\" data-id=\"e13545b\" data-element_type=\"widget\" data-e-type=\"widget\" data-widget_type=\"text-editor.default\">\n\t\t\t\t<div class=\"elementor-widget-container\">\n\t\t\t\t\t\t\t\t\t<p><strong>Periodo de Navidad<\/strong><br> 22, 23, 24, 27, 29, 30, 31 de diciembre<br> 2, 3, 5 de enero<br> <strong>Periodo de Semana Santa<\/strong><br> 30, 31 de marzo y 1, 2 de abril<\/p>\t\t\t\t\t\t\t\t<\/div>\n\t\t\t\t<\/div>\n\t\t\t\t<\/div>\n\t\t<div class=\"elementor-element elementor-element-bab1e2c e-con-full e-flex e-con e-child\" data-id=\"bab1e2c\" data-element_type=\"container\" data-e-type=\"container\">\n\t\t\t\t<div class=\"elementor-element elementor-element-88b01ae elementor-widget elementor-widget-text-editor\" data-id=\"88b01ae\" data-element_type=\"widget\" data-e-type=\"widget\" data-widget_type=\"text-editor.default\">\n\t\t\t\t<div class=\"elementor-widget-container\">\n\t\t\t\t\t\t\t\t\t<p><span class=\"bronze\">D\u00cdAS FESTIVOS:<\/span><\/p>\t\t\t\t\t\t\t\t<\/div>\n\t\t\t\t<\/div>\n\t\t\t\t<div class=\"elementor-element elementor-element-e2f01cc elementor-widget elementor-widget-text-editor\" data-id=\"e2f01cc\" data-element_type=\"widget\" data-e-type=\"widget\" data-widget_type=\"text-editor.default\">\n\t\t\t\t<div class=\"elementor-widget-container\">\n\t\t\t\t\t\t\t\t\t<p>11 de septiembre<br> 23 de septiembre<br> 12 de octubre<br> 1 de noviembre<br> 6 y 8 de diciembre<br> 25 y 26 de diciembre<br> 1 de enero<br> 6 de enero<br> Del 3 al 6 de abril<br> 1 de mayo<\/p>\t\t\t\t\t\t\t\t<\/div>\n\t\t\t\t<\/div>\n\t\t\t\t<\/div>\n\t\t\t\t<\/div>\n\t\t\t\t\t<\/div>\n\t\t\t\t<\/div>\n\t\t\t\t<\/div>\n\t\t","protected":false},"excerpt":{"rendered":"<p>Competici\u00f3n Competici\u00f3n club Quiero inscribirme Grupos 9 a 18 a\u00f1os Horario Sesiones de 120 min. de tenis. 60 min. de preparaci\u00f3n f\u00edsica. M\u00ednimo de 2 d\u00edas por semana. Matr\u00edcula 25,00 \u20ac 2 d\u00edas semanales Socios 158,90 \u20ac 10 pagos Total curso 1.614 \u20ac 3 d\u00edas semanales Socios 166,90 \u20ac 10 pagos Total curso 1.694 \u20ac [&hellip;]<\/p>\n","protected":false},"author":1,"featured_media":0,"parent":1345,"menu_order":0,"comment_status":"closed","ping_status":"closed","template":"","meta":{"footnotes":""},"class_list":["post-8088","page","type-page","status-publish","hentry"],"_links":{"self":[{"href":"https:\/\/tennistarragona.com\/es\/wp-json\/wp\/v2\/pages\/8088","targetHints":{"allow":["GET"]}}],"collection":[{"href":"https:\/\/tennistarragona.com\/es\/wp-json\/wp\/v2\/pages"}],"about":[{"href":"https:\/\/tennistarragona.com\/es\/wp-json\/wp\/v2\/types\/page"}],"author":[{"embeddable":true,"href":"https:\/\/tennistarragona.com\/es\/wp-json\/wp\/v2\/users\/1"}],"replies":[{"embeddable":true,"href":"https:\/\/tennistarragona.com\/es\/wp-json\/wp\/v2\/comments?post=8088"}],"version-history":[{"count":15,"href":"https:\/\/tennistarragona.com\/es\/wp-json\/wp\/v2\/pages\/8088\/revisions"}],"predecessor-version":[{"id":8993,"href":"https:\/\/tennistarragona.com\/es\/wp-json\/wp\/v2\/pages\/8088\/revisions\/8993"}],"up":[{"embeddable":true,"href":"https:\/\/tennistarragona.com\/es\/wp-json\/wp\/v2\/pages\/1345"}],"wp:attachment":[{"href":"https:\/\/tennistarragona.com\/es\/wp-json\/wp\/v2\/media?parent=8088"}],"curies":[{"name":"wp","href":"https:\/\/api.w.org\/{rel}","templated":true}]}}